{"id":1617,"date":"2022-08-17T15:24:42","date_gmt":"2022-08-17T19:24:42","guid":{"rendered":"https:\/\/www.test12xb.cz\/?post_type=product&#038;p=1617"},"modified":"2022-08-17T15:27:57","modified_gmt":"2022-08-17T19:27:57","slug":"motylek-s-kapesnickem-575-22254","status":"publish","type":"product","link":"https:\/\/www.pujcovna-satu-pardubice.cz\/en\/?product=motylek-s-kapesnickem-575-22254","title":{"rendered":"Mot\u00fdlek a kapesn\u00ed\u010dek 575-22254"},"template":"","class_list":["post-1617","product","type-product","status-publish","hentry"],"_links":{"self":[{"href":"https:\/\/www.pujcovna-satu-pardubice.cz\/en\/wp-json\/wp\/v2\/product\/1617","targetHints":{"allow":["GET"]}}],"collection":[{"href":"https:\/\/www.pujcovna-satu-pardubice.cz\/en\/wp-json\/wp\/v2\/product"}],"about":[{"href":"https:\/\/www.pujcovna-satu-pardubice.cz\/en\/wp-json\/wp\/v2\/types\/product"}],"wp:attachment":[{"href":"https:\/\/www.pujcovna-satu-pardubice.cz\/en\/wp-json\/wp\/v2\/media?parent=1617"}],"curies":[{"name":"wp","href":"https:\/\/api.w.org\/{rel}","templated":true}]}}