{"id":1609,"date":"2022-08-17T15:19:28","date_gmt":"2022-08-17T19:19:28","guid":{"rendered":"https:\/\/www.test12xb.cz\/?post_type=product&#038;p=1609"},"modified":"2022-08-17T15:26:00","modified_gmt":"2022-08-17T19:26:00","slug":"motylek-s-kapesnickem-575-22029-seda-pudrova","status":"publish","type":"product","link":"https:\/\/www.pujcovna-satu-pardubice.cz\/en\/?product=motylek-s-kapesnickem-575-22029-seda-pudrova","title":{"rendered":"Mot\u00fdlek a kapesn\u00ed\u010dek 575-22029"},"template":"","class_list":["post-1609","product","type-product","status-publish","hentry"],"_links":{"self":[{"href":"https:\/\/www.pujcovna-satu-pardubice.cz\/en\/wp-json\/wp\/v2\/product\/1609","targetHints":{"allow":["GET"]}}],"collection":[{"href":"https:\/\/www.pujcovna-satu-pardubice.cz\/en\/wp-json\/wp\/v2\/product"}],"about":[{"href":"https:\/\/www.pujcovna-satu-pardubice.cz\/en\/wp-json\/wp\/v2\/types\/product"}],"wp:attachment":[{"href":"https:\/\/www.pujcovna-satu-pardubice.cz\/en\/wp-json\/wp\/v2\/media?parent=1609"}],"curies":[{"name":"wp","href":"https:\/\/api.w.org\/{rel}","templated":true}]}}