{"id":1519,"date":"2022-08-07T06:16:01","date_gmt":"2022-08-07T10:16:01","guid":{"rendered":"https:\/\/www.test12xb.cz\/?post_type=product&#038;p=1519"},"modified":"2022-08-07T06:16:01","modified_gmt":"2022-08-07T10:16:01","slug":"eterna-slim-fit-kremova-francouzska-manzeta","status":"publish","type":"product","link":"https:\/\/www.pujcovna-satu-pardubice.cz\/en\/?product=eterna-slim-fit-kremova-francouzska-manzeta","title":{"rendered":"Eterna Slim Fit kr\u00e9mov\u00e1 francouzsk\u00e1 man\u017eeta"},"template":"","class_list":["post-1519","product","type-product","status-publish","hentry"],"_links":{"self":[{"href":"https:\/\/www.pujcovna-satu-pardubice.cz\/en\/wp-json\/wp\/v2\/product\/1519","targetHints":{"allow":["GET"]}}],"collection":[{"href":"https:\/\/www.pujcovna-satu-pardubice.cz\/en\/wp-json\/wp\/v2\/product"}],"about":[{"href":"https:\/\/www.pujcovna-satu-pardubice.cz\/en\/wp-json\/wp\/v2\/types\/product"}],"wp:attachment":[{"href":"https:\/\/www.pujcovna-satu-pardubice.cz\/en\/wp-json\/wp\/v2\/media?parent=1519"}],"curies":[{"name":"wp","href":"https:\/\/api.w.org\/{rel}","templated":true}]}}